{"id":9931,"date":"2024-04-13T15:40:16","date_gmt":"2024-04-13T15:40:16","guid":{"rendered":"https:\/\/jewelry.itc-gmbh.shop\/?page_id=9931"},"modified":"2024-07-23T22:59:39","modified_gmt":"2024-07-23T20:59:39","slug":"widerrufsbelehrung","status":"publish","type":"page","link":"https:\/\/jewelara.itc-gmbh.shop\/nl\/widerrufsbelehrung\/","title":{"rendered":"Annuleringsvoorwaarden"},"content":{"rendered":"<p><strong>Herroepingsrecht<\/strong><br><br>U heeft het recht om dit contract binnen veertien dagen zonder opgave van redenen te herroepen.<br><br>De herroepingstermijn bedraagt veertien dagen vanaf de dag dat u, of een door u aangewezen derde die niet de vervoerder is, de goederen in bezit heeft genomen.<br><br>Om uw herroepingsrecht uit te oefenen, moet u ons (ITC GmbH, (Winkelnaam), Bruchwiesen 15, 76327 Pfinztal) middels een duidelijke verklaring (bijvoorbeeld een per post verzonden brief of e-mail) informeren over uw beslissing om deze overeenkomst te herroepen. U kunt hiervoor gebruikmaken van het bijgevoegde modelformulier voor herroeping, hoewel dit niet verplicht is.<br><br>Om de herroepingstermijn na te leven, volstaat het dat u de mededeling van de uitoefening van het herroepingsrecht v\u00f3\u00f3r het verstrijken van de herroepingstermijn verzendt.<br>Gevolgen van herroeping<br><br>Als u dit contract herroept, moet u ons alle betalingen die u van ons hebt ontvangen onmiddellijk en ten laatste binnen veertien dagen na de dag waarop de kennisgeving van uw herroeping van dit contract ons heeft bereikt, terugbetalen, met inbegrip van de leveringskosten (met uitzondering van de bijkomende kosten die voortvloeien uit het feit dat u een ander soort levering hebt gekozen dan de door ons aangeboden, voordeligste standaardlevering). Voor deze terugbetaling gebruiken wij hetzelfde betalingsmiddel dat u bij de oorspronkelijke transactie hebt gebruikt, tenzij uitdrukkelijk anders met u is overeengekomen; in geen geval worden u voor deze terugbetaling kosten in rekening gebracht. Wij kunnen de terugbetaling weigeren totdat wij de goederen hebben teruggekregen of totdat u het bewijs hebt geleverd dat u de goederen hebt teruggestuurd, afhankelijk van welk tijdstip vroeger is.<br><br>U dient de goederen onverwijld en in ieder geval niet later dan veertien dagen na de dag waarop u ons in kennis stelt van de herroeping van dit contract, aan ons terug te zenden of te overhandigen. De termijn is in acht genomen indien u de goederen verzendt voordat de termijn van veertien dagen is verstreken.<br><br>U draagt de directe kosten van de terugzending van de goederen. U bent alleen aansprakelijk voor een eventueel waardevermindering van de goederen als deze waardevermindering het gevolg is van een gebruik dat verder gaat dan nodig is om de aard, de kenmerken en de werking van de goederen vast te stellen.<br><br><br>Modelformulier voor herroeping<br><br>(Als u de overeenkomst wilt herroepen, vul dan dit formulier in en stuur het terug.)<br><br>\u2013 Een<br><br>ITC GmbH<br>Bruchwiesen 15<br>76327 Pfinztal<br><a href=\"mailto:service@itc-gmbh.shop\">service@itc-gmbh.shop<\/a><br><br><br><br>\u2013 Hiermee herroep(en) ik\/wij (*) mijn\/onze (*) gesloten overeenkomst betreffende de aankoop van de volgende goederen (*)\/ de verlening van de volgende dienst (*).<br><br>\u2013 Naam Winkel(s)<br><br>\u2013 Besteld op (*)\/ontvangen op (*)<br><br>\u2013 Naam van de consument<br><br>\u2013 Adres van de consument(en)<br><br>\u2013 Handtekening van de consument (alleen bij aangifte op papier)<br><br>\u2013 Datum<br><br><br><\/p>","protected":false},"excerpt":{"rendered":"<p>Widerrufsrecht Sie haben das Recht, binnen vierzehn Tagen ohne Angabe von Gr\u00fcnden diesen Vertrag zu widerrufen. Die Widerrufsfrist betr\u00e4gt vierzehn Tage ab dem Tag, an dem Sie oder ein von Ihnen benannter Dritter, der nicht der Bef\u00f6rderer ist, die Waren in Besitz genommen haben bzw. hat. Um Ihr Widerrufsrecht auszu\u00fcben, m\u00fcssen Sie uns (ITC GmbH, &hellip;<\/p>","protected":false},"author":2,"featured_media":0,"parent":0,"menu_order":0,"comment_status":"closed","ping_status":"closed","template":"elementor_header_footer","meta":{"_monsterinsights_skip_tracking":false,"_monsterinsights_sitenote_active":false,"_monsterinsights_sitenote_note":"","_monsterinsights_sitenote_category":0,"footnotes":""},"class_list":["post-9931","page","type-page","status-publish","entry"],"aioseo_notices":[],"jetpack_sharing_enabled":true,"_links":{"self":[{"href":"https:\/\/jewelara.itc-gmbh.shop\/nl\/wp-json\/wp\/v2\/pages\/9931"}],"collection":[{"href":"https:\/\/jewelara.itc-gmbh.shop\/nl\/wp-json\/wp\/v2\/pages"}],"about":[{"href":"https:\/\/jewelara.itc-gmbh.shop\/nl\/wp-json\/wp\/v2\/types\/page"}],"author":[{"embeddable":true,"href":"https:\/\/jewelara.itc-gmbh.shop\/nl\/wp-json\/wp\/v2\/users\/2"}],"replies":[{"embeddable":true,"href":"https:\/\/jewelara.itc-gmbh.shop\/nl\/wp-json\/wp\/v2\/comments?post=9931"}],"version-history":[{"count":12,"href":"https:\/\/jewelara.itc-gmbh.shop\/nl\/wp-json\/wp\/v2\/pages\/9931\/revisions"}],"predecessor-version":[{"id":21665,"href":"https:\/\/jewelara.itc-gmbh.shop\/nl\/wp-json\/wp\/v2\/pages\/9931\/revisions\/21665"}],"wp:attachment":[{"href":"https:\/\/jewelara.itc-gmbh.shop\/nl\/wp-json\/wp\/v2\/media?parent=9931"}],"curies":[{"name":"wp","href":"https:\/\/api.w.org\/{rel}","templated":true}]}}