{"id":9911,"date":"2024-04-13T09:03:57","date_gmt":"2024-04-13T09:03:57","guid":{"rendered":"https:\/\/jewelry.itc-gmbh.shop\/?page_id=9911"},"modified":"2024-09-16T23:06:40","modified_gmt":"2024-09-16T21:06:40","slug":"impressum","status":"publish","type":"page","link":"https:\/\/jewelara.itc-gmbh.shop\/nl\/impressum\/","title":{"rendered":"Afdruk"},"content":{"rendered":"<p>Angaben gem\u00e4\u00df \u00a7 5 TMG:<\/p><p>ITC GmbH<br>Bruchwiesen 15<br>76327 Pfinztal<\/p><p>Vertreten durch:<\/p><p>Sebastian Hartkopf<\/p><p>Kontakt:<\/p><p>Telefon: +49 171 3885177<br>E-Mail: service@itc-gmbh.shop<\/p><p>Registereintrag:<\/p><p>Eintragung im Handelsregister.<br>Registergericht: Mannheim<br>Registernummer: HRB 744536<\/p><p>Verantwortlich f\u00fcr den Inhalt nach \u00a7 55 Abs. 2 RStV:<\/p><p>Sebastian Hartkopf<\/p><p>Quelle: http:\/\/www.e-recht24.de<\/p><p>Trotz sorgf\u00e4ltiger inhaltlicher Kontrolle \u00fcbernehmen wir keine Haftung f\u00fcr die Inhalte externer Links. F\u00fcr den Inhalt der verlinkten Seiten sind ausschlie\u00dflich deren Betreiber verantwortlich.<\/p><p>Diese Website benutzt Google Analytics, einen Webanalysedienst der Google Inc. (\u201eGoogle\u201c). Google Analytics verwendet sog. \u201eCookies\u201c, Textdateien, die auf Ihrem Computer gespeichert werden und die eine Analyse der Benutzung der Website durch Sie erm\u00f6glichen. Die durch den Cookie erzeugten Informationen \u00fcber Ihre Benutzung dieser Website (einschlie\u00dflich Ihrer IP-Adresse) wird an einen Server von Google in den USA \u00fcbertragen und dort gespeichert. Google wird diese Informationen benutzen, um Ihre Nutzung der Website auszuwerten, um Reports \u00fcber die Websiteaktivit\u00e4ten f\u00fcr die Websitebetreiber zusammenzustellen und um weitere mit der Websitenutzung und der Internetnutzung verbundene Dienstleistungen zu erbringen. Auch wird Google diese Informationen gegebenenfalls an Dritte \u00fcbertragen, sofern dies gesetzlich vorgeschrieben oder soweit Dritte diese Daten im Auftrag von Google verarbeiten. Google wird in keinem Fall Ihre IP-Adresse mit anderen Daten von Google in Verbindung bringen. Sie k\u00f6nnen die Installation der Cookies durch eine entsprechende Einstellung Ihrer Browser Software verhindern; wir weisen Sie jedoch darauf hin, dass Sie in diesem Fall gegebenenfalls nicht s\u00e4mtliche Funktionen dieser Website vollumf\u00e4nglich nutzen k\u00f6nnen. Durch die Nutzung dieser Website erkl\u00e4ren Sie sich mit der Bearbeitung der \u00fcber Sie erhobenen Daten durch Google in der zuvor beschriebenen Art und Weise und zu dem zuvor benannten Zweck einverstanden. Der Datenerhebung und -speicherung kann jederzeit mit Wirkung f\u00fcr die Zukunft widersprochen werden. Unsere Kontaktadresse f\u00fcr den Widerspruch finden Sie in unserem Impressum. Alternativ k\u00f6nnen Sie das Deaktivierungs-Add-on von Google Analytics verwenden, sofern es f\u00fcr Ihren Browser verf\u00fcgbar ist.<\/p><p>Es wird darauf hingewiesen, dass diese Webseite Google Analytics mit der Erweiterung \u201e_anonymizeIp()\u201c verwendet und daher IP-Adressen nur gek\u00fcrzt weiterverarbeitet werden, um eine direkte Personenbeziehbarkeit auszuschlie\u00dfen.<\/p><p>E-mail: service@itc-gmbh.shop<\/p><div class=\"woocommerce woocommerce-gzd woocommerce-gzd-complaints-shortcode\">\n\t\t\t<h3>Alternative Dispute Resolution in accordance with Art. 14 (1) ODR-VO and \u00a7 36 VSBG:<\/h3>\n\t\n<p>Die Europ\u00e4ische Kommission stellt eine Plattform zur Online-Streitbeilegung (OS) bereit, die du unter <a href=\"https:\/\/ec.europa.eu\/consumers\/odr\" target=\"_blank\">https:\/\/ec.europa.eu\/consumers\/odr<\/a> findest. Zur Teilnahme an einem Streitbeilegungsverfahren vor einer Verbraucherschlichtungsstelle sind wir nicht verpflichtet und nicht bereit.<\/p>\n<\/div>","protected":false},"excerpt":{"rendered":"<p>Angaben gem\u00e4\u00df \u00a7 5 TMG: ITC GmbHBruchwiesen 1576327 Pfinztal Vertreten durch: Sebastian Hartkopf Kontakt: Telefon: +49 171 3885177E-Mail: service@itc-gmbh.shop Registereintrag: Eintragung im Handelsregister.Registergericht: MannheimRegisternummer: HRB 744536 Verantwortlich f\u00fcr den Inhalt nach \u00a7 55 Abs. 2 RStV: Sebastian Hartkopf Quelle: http:\/\/www.e-recht24.de Trotz sorgf\u00e4ltiger inhaltlicher Kontrolle \u00fcbernehmen wir keine Haftung f\u00fcr die Inhalte externer Links. F\u00fcr den &hellip;<\/p>","protected":false},"author":2,"featured_media":0,"parent":0,"menu_order":0,"comment_status":"closed","ping_status":"closed","template":"elementor_header_footer","meta":{"_monsterinsights_skip_tracking":false,"_monsterinsights_sitenote_active":false,"_monsterinsights_sitenote_note":"","_monsterinsights_sitenote_category":0,"footnotes":""},"class_list":["post-9911","page","type-page","status-publish","entry"],"aioseo_notices":[],"jetpack_sharing_enabled":true,"_links":{"self":[{"href":"https:\/\/jewelara.itc-gmbh.shop\/nl\/wp-json\/wp\/v2\/pages\/9911"}],"collection":[{"href":"https:\/\/jewelara.itc-gmbh.shop\/nl\/wp-json\/wp\/v2\/pages"}],"about":[{"href":"https:\/\/jewelara.itc-gmbh.shop\/nl\/wp-json\/wp\/v2\/types\/page"}],"author":[{"embeddable":true,"href":"https:\/\/jewelara.itc-gmbh.shop\/nl\/wp-json\/wp\/v2\/users\/2"}],"replies":[{"embeddable":true,"href":"https:\/\/jewelara.itc-gmbh.shop\/nl\/wp-json\/wp\/v2\/comments?post=9911"}],"version-history":[{"count":23,"href":"https:\/\/jewelara.itc-gmbh.shop\/nl\/wp-json\/wp\/v2\/pages\/9911\/revisions"}],"predecessor-version":[{"id":21663,"href":"https:\/\/jewelara.itc-gmbh.shop\/nl\/wp-json\/wp\/v2\/pages\/9911\/revisions\/21663"}],"wp:attachment":[{"href":"https:\/\/jewelara.itc-gmbh.shop\/nl\/wp-json\/wp\/v2\/media?parent=9911"}],"curies":[{"name":"wp","href":"https:\/\/api.w.org\/{rel}","templated":true}]}}