{"id":9931,"date":"2024-04-13T15:40:16","date_gmt":"2024-04-13T15:40:16","guid":{"rendered":"https:\/\/jewelry.itc-gmbh.shop\/?page_id=9931"},"modified":"2024-07-23T22:59:39","modified_gmt":"2024-07-23T20:59:39","slug":"widerrufsbelehrung","status":"publish","type":"page","link":"https:\/\/jewelara.itc-gmbh.shop\/it\/widerrufsbelehrung\/","title":{"rendered":"Politica di cancellazione"},"content":{"rendered":"<p><strong>Diritto di recesso<\/strong><br><br>Avete il diritto di recedere dal presente contratto entro quattordici giorni senza fornire alcuna motivazione.<br><br>Il periodo di recesso \u00e8 di quattordici giorni dal giorno in cui lei o un terzo da lei designato, che non sia il vettore, \u00e8 entrato in possesso dei beni.<br><br>Per esercitare il tuo diritto di recesso, devi informarci (ITC GmbH, (Nome Negozio), Bruchwiesen 15, 76327 Pfinztal) tramite una dichiarazione chiara (ad esempio, una lettera inviata per posta o un'e-mail) della tua decisione di recedere dal presente contratto. A tal fine, puoi utilizzare il modulo tipo di recesso allegato, che tuttavia non \u00e8 obbligatorio.<br><br>Per rispettare il termine di recesso, \u00e8 sufficiente che Lei invii la comunicazione dell'esercizio del diritto di recesso prima della scadenza del termine di recesso.<br>Conseguenze del recesso<br><br>In caso di recesso dal presente contratto, ti rimborseremo tutti i pagamenti ricevuti da te, comprese le spese di spedizione (ad eccezione dei costi aggiuntivi derivanti dalla tua scelta di un tipo di spedizione diverso da quello standard da noi offerto, meno costoso), senza indugio e al pi\u00f9 tardi entro quattordici giorni dal giorno in cui abbiamo ricevuto la notifica del tuo recesso dal presente contratto. Per questo rimborso utilizzeremo lo stesso mezzo di pagamento che hai utilizzato per la transazione iniziale, a meno che non sia stato espressamente concordato diversamente con te; in nessun caso ti verranno addebitate spese per questo rimborso. Possiamo rifiutare il rimborso fino a quando non avremo ricevuto la merce indietro o fino a quando non avrai fornito la prova di aver rispedito la merce, a seconda di quale delle due condizioni si verifichi per prima.<br><br>Lei dovr\u00e0 restituirci o consegnarci la merce senza indugio e in ogni caso entro e non oltre quattordici giorni dal giorno in cui ci avr\u00e0 comunicato la sua decisione di recedere dal presente contratto. Il termine \u00e8 rispettato se lei spedisce la merce prima della scadenza del termine di quattordici giorni.<br><br>Lei sostiene i costi diretti della restituzione dei beni. Lei \u00e8 responsabile solo di un'eventuale diminuzione del valore dei beni, se tale diminuzione del valore \u00e8 dovuta a una manipolazione dei beni non necessaria per stabilirne la natura, le caratteristiche e il funzionamento.<br><br><br>Modulo tipo di recesso<br><br>(Se desiderate revocare il contratto, compila questo modulo e invialo indietro.)<br><br>\u2013 Ad<br><br>ITC GmbH<br>Bruchwiesen 15<br>76327 Pfinztal<br><a href=\"mailto:service@itc-gmbh.shop\">service@itc-gmbh.shop<\/a><br><br><br><br>\u2013 Con la presente revoco\/revochiamo (*) il contratto stipulato da me\/noi (*) per l'acquisto dei seguenti beni (*)\/ la prestazione del seguente servizio (*)<br><br>\u2013 Nome Negozio\/i<br><br>\u2013 Ordinato il (*)\/ricevuto il (*)<br><br>\u2013 Nome del\/dei consumatore\/i<br><br>\u2013 Indirizzo del\/dei consumatore\/i<br><br>\u2013 Firma del consumatore (solo in caso di comunicazione su supporto cartaceo)<br><br>\u2013 Data<br><br><br><\/p>","protected":false},"excerpt":{"rendered":"<p>Widerrufsrecht Sie haben das Recht, binnen vierzehn Tagen ohne Angabe von Gr\u00fcnden diesen Vertrag zu widerrufen. Die Widerrufsfrist betr\u00e4gt vierzehn Tage ab dem Tag, an dem Sie oder ein von Ihnen benannter Dritter, der nicht der Bef\u00f6rderer ist, die Waren in Besitz genommen haben bzw. hat. Um Ihr Widerrufsrecht auszu\u00fcben, m\u00fcssen Sie uns (ITC GmbH, &hellip;<\/p>","protected":false},"author":2,"featured_media":0,"parent":0,"menu_order":0,"comment_status":"closed","ping_status":"closed","template":"elementor_header_footer","meta":{"_monsterinsights_skip_tracking":false,"_monsterinsights_sitenote_active":false,"_monsterinsights_sitenote_note":"","_monsterinsights_sitenote_category":0,"footnotes":""},"class_list":["post-9931","page","type-page","status-publish","entry"],"aioseo_notices":[],"jetpack_sharing_enabled":true,"_links":{"self":[{"href":"https:\/\/jewelara.itc-gmbh.shop\/it\/wp-json\/wp\/v2\/pages\/9931"}],"collection":[{"href":"https:\/\/jewelara.itc-gmbh.shop\/it\/wp-json\/wp\/v2\/pages"}],"about":[{"href":"https:\/\/jewelara.itc-gmbh.shop\/it\/wp-json\/wp\/v2\/types\/page"}],"author":[{"embeddable":true,"href":"https:\/\/jewelara.itc-gmbh.shop\/it\/wp-json\/wp\/v2\/users\/2"}],"replies":[{"embeddable":true,"href":"https:\/\/jewelara.itc-gmbh.shop\/it\/wp-json\/wp\/v2\/comments?post=9931"}],"version-history":[{"count":12,"href":"https:\/\/jewelara.itc-gmbh.shop\/it\/wp-json\/wp\/v2\/pages\/9931\/revisions"}],"predecessor-version":[{"id":21665,"href":"https:\/\/jewelara.itc-gmbh.shop\/it\/wp-json\/wp\/v2\/pages\/9931\/revisions\/21665"}],"wp:attachment":[{"href":"https:\/\/jewelara.itc-gmbh.shop\/it\/wp-json\/wp\/v2\/media?parent=9931"}],"curies":[{"name":"wp","href":"https:\/\/api.w.org\/{rel}","templated":true}]}}