{"id":21308,"date":"2024-05-31T06:47:15","date_gmt":"2024-05-31T06:47:15","guid":{"rendered":"https:\/\/jewelry.itc-gmbh.shop\/product\/ladies-earrings-amen-corone\/"},"modified":"2024-05-31T06:47:39","modified_gmt":"2024-05-31T06:47:39","slug":"ladies-earrings-amen-corone","status":"publish","type":"product","link":"https:\/\/jewelara.itc-gmbh.shop\/fr\/product\/ladies-earrings-amen-corone\/","title":{"rendered":"Ladies&#8217; Earrings Amen CORONE"},"content":{"rendered":"<p>Nous vous pr\u00e9sentons <b>Ladies&#8217; Earrings Amen CORONE<\/b> et une gamme compl\u00e8te de bagues, bracelets, boucles d'oreilles, colliers, etc. \u00e0 un prix avantageux. Pour en savoir plus sur nos pi\u00e8ces exclusives et \u00e9l\u00e9gantes de bijouterie et de joaillerie de costume pour tous les go\u00fbts et tous les styles.<\/p>\n<ul>\n<li>Genre : Lady<\/li>\n<li>Type :\n<ul>\n<li>Boucles d'oreilles pour femmes<\/li>\n<li>Boucles d'oreilles<\/li>\n<\/ul>\n<\/li>\n<li>Mat\u00e9riau : Sterling silver 925<\/li>\n<li>Comprend : Inclut l'\u00e9tui de la marque<\/li>\n<\/ul>","protected":false},"excerpt":{"rendered":"<p>We present you Ladies&#8217; Earrings Amen CORONE and a comprehensive range of rings, bracelets, earrings, necklaces, etc., at great price. Find out more about our exclusive and elegant pieces of jewellery and costume jewellery for all tastes and styles. Gender: Lady Type: Ladies&#8217; Earrings Earrings Material: Sterling silver 925 Includes: Includes the brand&#8217;s case<\/p>","protected":false},"featured_media":21307,"comment_status":"open","ping_status":"closed","template":"","meta":{"_monsterinsights_skip_tracking":false,"_monsterinsights_sitenote_active":false,"_monsterinsights_sitenote_note":"","_monsterinsights_sitenote_category":0},"product_cat":[172,122,115,74],"product_tag":[143,168],"class_list":{"0":"post-21308","1":"product","2":"type-product","3":"status-publish","4":"has-post-thumbnail","6":"product_cat-earrings","7":"product_cat-fashion-accessories","8":"product_cat-fashion-jewellery","9":"product_cat-accessories","10":"product_tag-tag_575","11":"product_tag-tag_1261","12":"entry","14":"first","15":"instock","16":"taxable","17":"shipping-taxable","18":"purchasable","19":"product-type-simple"},"aioseo_notices":[],"jetpack_sharing_enabled":true,"_links":{"self":[{"href":"https:\/\/jewelara.itc-gmbh.shop\/fr\/wp-json\/wp\/v2\/product\/21308"}],"collection":[{"href":"https:\/\/jewelara.itc-gmbh.shop\/fr\/wp-json\/wp\/v2\/product"}],"about":[{"href":"https:\/\/jewelara.itc-gmbh.shop\/fr\/wp-json\/wp\/v2\/types\/product"}],"replies":[{"embeddable":true,"href":"https:\/\/jewelara.itc-gmbh.shop\/fr\/wp-json\/wp\/v2\/comments?post=21308"}],"version-history":[{"count":0,"href":"https:\/\/jewelara.itc-gmbh.shop\/fr\/wp-json\/wp\/v2\/product\/21308\/revisions"}],"wp:featuredmedia":[{"embeddable":true,"href":"https:\/\/jewelara.itc-gmbh.shop\/fr\/wp-json\/wp\/v2\/media\/21307"}],"wp:attachment":[{"href":"https:\/\/jewelara.itc-gmbh.shop\/fr\/wp-json\/wp\/v2\/media?parent=21308"}],"wp:term":[{"taxonomy":"product_cat","embeddable":true,"href":"https:\/\/jewelara.itc-gmbh.shop\/fr\/wp-json\/wp\/v2\/product_cat?post=21308"},{"taxonomy":"product_tag","embeddable":true,"href":"https:\/\/jewelara.itc-gmbh.shop\/fr\/wp-json\/wp\/v2\/product_tag?post=21308"}],"curies":[{"name":"wp","href":"https:\/\/api.w.org\/{rel}","templated":true}]}}