{"id":20782,"date":"2024-05-31T05:32:32","date_gmt":"2024-05-31T05:32:32","guid":{"rendered":"https:\/\/jewelry.itc-gmbh.shop\/product\/womens-necklace-and-matching-earrings-set-la-petite-story-lps20asd02\/"},"modified":"2024-05-31T05:32:36","modified_gmt":"2024-05-31T05:32:36","slug":"womens-necklace-and-matching-earrings-set-la-petite-story-lps20asd02","status":"publish","type":"product","link":"https:\/\/jewelara.itc-gmbh.shop\/fr\/product\/womens-necklace-and-matching-earrings-set-la-petite-story-lps20asd02\/","title":{"rendered":"Women&#8217;s necklace and matching earrings set La Petite Story LPS20ASD02"},"content":{"rendered":"<p>Nous vous pr\u00e9sentons <b>Women&#8217;s necklace and matching earrings set La Petite Story LPS20ASD02<\/b> et une gamme compl\u00e8te de bagues, bracelets, boucles d'oreilles, colliers, etc. \u00e0 un prix avantageux. Pour en savoir plus sur nos pi\u00e8ces exclusives et \u00e9l\u00e9gantes de bijouterie et de joaillerie de costume pour tous les go\u00fbts et tous les styles.<\/p>\n<ul>\n<li>Genre : Lady<\/li>\n<li>Type: Necklace and matching earrings set<\/li>\n<\/ul>","protected":false},"excerpt":{"rendered":"<p>We present you Women&#8217;s necklace and matching earrings set La Petite Story LPS20ASD02 and a comprehensive range of rings, bracelets, earrings, necklaces, etc., at great price. Find out more about our exclusive and elegant pieces of jewellery and costume jewellery for all tastes and styles. Gender: Lady Type: Necklace and matching earrings set<\/p>","protected":false},"featured_media":20781,"comment_status":"open","ping_status":"closed","template":"","meta":{"_monsterinsights_skip_tracking":false,"_monsterinsights_sitenote_active":false,"_monsterinsights_sitenote_note":"","_monsterinsights_sitenote_category":0},"product_cat":[122,115,173,74],"product_tag":[143,168],"class_list":{"0":"post-20782","1":"product","2":"type-product","3":"status-publish","4":"has-post-thumbnail","6":"product_cat-fashion-accessories","7":"product_cat-fashion-jewellery","8":"product_cat-necklaces","9":"product_cat-accessories","10":"product_tag-tag_575","11":"product_tag-tag_1261","12":"entry","14":"first","15":"outofstock","16":"taxable","17":"shipping-taxable","18":"purchasable","19":"product-type-simple"},"aioseo_notices":[],"jetpack_sharing_enabled":true,"_links":{"self":[{"href":"https:\/\/jewelara.itc-gmbh.shop\/fr\/wp-json\/wp\/v2\/product\/20782"}],"collection":[{"href":"https:\/\/jewelara.itc-gmbh.shop\/fr\/wp-json\/wp\/v2\/product"}],"about":[{"href":"https:\/\/jewelara.itc-gmbh.shop\/fr\/wp-json\/wp\/v2\/types\/product"}],"replies":[{"embeddable":true,"href":"https:\/\/jewelara.itc-gmbh.shop\/fr\/wp-json\/wp\/v2\/comments?post=20782"}],"version-history":[{"count":0,"href":"https:\/\/jewelara.itc-gmbh.shop\/fr\/wp-json\/wp\/v2\/product\/20782\/revisions"}],"wp:featuredmedia":[{"embeddable":true,"href":"https:\/\/jewelara.itc-gmbh.shop\/fr\/wp-json\/wp\/v2\/media\/20781"}],"wp:attachment":[{"href":"https:\/\/jewelara.itc-gmbh.shop\/fr\/wp-json\/wp\/v2\/media?parent=20782"}],"wp:term":[{"taxonomy":"product_cat","embeddable":true,"href":"https:\/\/jewelara.itc-gmbh.shop\/fr\/wp-json\/wp\/v2\/product_cat?post=20782"},{"taxonomy":"product_tag","embeddable":true,"href":"https:\/\/jewelara.itc-gmbh.shop\/fr\/wp-json\/wp\/v2\/product_tag?post=20782"}],"curies":[{"name":"wp","href":"https:\/\/api.w.org\/{rel}","templated":true}]}}