{"id":19219,"date":"2024-05-29T06:02:59","date_gmt":"2024-05-29T06:02:59","guid":{"rendered":"https:\/\/jewelry.itc-gmbh.shop\/product\/mens-necklace-unode50-pul1247mtlngrol\/"},"modified":"2024-05-29T06:03:01","modified_gmt":"2024-05-29T06:03:01","slug":"mens-necklace-unode50-pul1247mtlngrol","status":"publish","type":"product","link":"https:\/\/jewelara.itc-gmbh.shop\/fr\/product\/mens-necklace-unode50-pul1247mtlngrol\/","title":{"rendered":"Men&#8217;s Necklace UNOde50 PUL1247MTLNGROL"},"content":{"rendered":"<p>Nous vous pr\u00e9sentons <b>Men&#8217;s Necklace UNOde50 PUL1247MTLNGROL<\/b> et une gamme compl\u00e8te de bagues, bracelets, boucles d'oreilles, colliers, etc. \u00e0 un prix avantageux. Pour en savoir plus sur nos pi\u00e8ces exclusives et \u00e9l\u00e9gantes de bijouterie et de joaillerie de costume pour tous les go\u00fbts et tous les styles.<\/p>\n<ul>\n<li>Type :\n<ul>\n<li>Necklace<\/li>\n<li>Men&#8217;s Necklace<\/li>\n<\/ul>\n<\/li>\n<li>Mat\u00e9riau : Argent<\/li>\n<li>Genre : Unisexe<\/li>\n<li>Comprend : Inclut l'\u00e9tui de la marque<\/li>\n<\/ul>","protected":false},"excerpt":{"rendered":"<p>We present you Men&#8217;s Necklace UNOde50 PUL1247MTLNGROL and a comprehensive range of rings, bracelets, earrings, necklaces, etc., at great price. Find out more about our exclusive and elegant pieces of jewellery and costume jewellery for all tastes and styles. Type: Necklace Men&#8217;s Necklace Material: Silver Gender: Unisex Includes: Includes the brand&#8217;s case<\/p>","protected":false},"featured_media":19218,"comment_status":"open","ping_status":"closed","template":"","meta":{"_monsterinsights_skip_tracking":false,"_monsterinsights_sitenote_active":false,"_monsterinsights_sitenote_note":"","_monsterinsights_sitenote_category":0},"product_cat":[122,115,173,74],"product_tag":[143,168],"class_list":{"0":"post-19219","1":"product","2":"type-product","3":"status-publish","4":"has-post-thumbnail","6":"product_cat-fashion-accessories","7":"product_cat-fashion-jewellery","8":"product_cat-necklaces","9":"product_cat-accessories","10":"product_tag-tag_575","11":"product_tag-tag_1261","12":"entry","14":"first","15":"instock","16":"taxable","17":"shipping-taxable","18":"purchasable","19":"product-type-simple"},"aioseo_notices":[],"jetpack_sharing_enabled":true,"_links":{"self":[{"href":"https:\/\/jewelara.itc-gmbh.shop\/fr\/wp-json\/wp\/v2\/product\/19219"}],"collection":[{"href":"https:\/\/jewelara.itc-gmbh.shop\/fr\/wp-json\/wp\/v2\/product"}],"about":[{"href":"https:\/\/jewelara.itc-gmbh.shop\/fr\/wp-json\/wp\/v2\/types\/product"}],"replies":[{"embeddable":true,"href":"https:\/\/jewelara.itc-gmbh.shop\/fr\/wp-json\/wp\/v2\/comments?post=19219"}],"version-history":[{"count":0,"href":"https:\/\/jewelara.itc-gmbh.shop\/fr\/wp-json\/wp\/v2\/product\/19219\/revisions"}],"wp:featuredmedia":[{"embeddable":true,"href":"https:\/\/jewelara.itc-gmbh.shop\/fr\/wp-json\/wp\/v2\/media\/19218"}],"wp:attachment":[{"href":"https:\/\/jewelara.itc-gmbh.shop\/fr\/wp-json\/wp\/v2\/media?parent=19219"}],"wp:term":[{"taxonomy":"product_cat","embeddable":true,"href":"https:\/\/jewelara.itc-gmbh.shop\/fr\/wp-json\/wp\/v2\/product_cat?post=19219"},{"taxonomy":"product_tag","embeddable":true,"href":"https:\/\/jewelara.itc-gmbh.shop\/fr\/wp-json\/wp\/v2\/product_tag?post=19219"}],"curies":[{"name":"wp","href":"https:\/\/api.w.org\/{rel}","templated":true}]}}