{"id":18700,"date":"2024-05-29T05:41:59","date_gmt":"2024-05-29T05:41:59","guid":{"rendered":"https:\/\/jewelry.itc-gmbh.shop\/product\/ladies-necklace-breil-tj2281-50-cm\/"},"modified":"2024-05-29T05:42:02","modified_gmt":"2024-05-29T05:42:02","slug":"ladies-necklace-breil-tj2281-50-cm","status":"publish","type":"product","link":"https:\/\/jewelara.itc-gmbh.shop\/fr\/product\/ladies-necklace-breil-tj2281-50-cm\/","title":{"rendered":"Ladies&#8217; Necklace Breil TJ2281 50 cm"},"content":{"rendered":"<p>Nous vous pr\u00e9sentons <b>Ladies&#8217; Necklace Breil TJ2281 50 cm<\/b> et une gamme compl\u00e8te de bagues, bracelets, boucles d'oreilles, colliers, etc. \u00e0 un prix avantageux. Pour en savoir plus sur nos pi\u00e8ces exclusives et \u00e9l\u00e9gantes de bijouterie et de joaillerie de costume pour tous les go\u00fbts et tous les styles.<\/p>\n<ul>\n<li>Type :\n<ul>\n<li>Necklace<\/li>\n<li>Ladies&#8217; Necklace<\/li>\n<\/ul>\n<\/li>\n<li>Genre : Lady<\/li>\n<li>Colour: Grey<\/li>\n<li>Mat\u00e9riau : Acier inoxydable<\/li>\n<li>Type of fastening: Snap hook<\/li>\n<li>Comprend : Inclut l'\u00e9tui de la marque<\/li>\n<li>Approx. dimensions: 50 cm<\/li>\n<\/ul>","protected":false},"excerpt":{"rendered":"<p>We present you Ladies&#8217; Necklace Breil TJ2281 50 cm and a comprehensive range of rings, bracelets, earrings, necklaces, etc., at great price. Find out more about our exclusive and elegant pieces of jewellery and costume jewellery for all tastes and styles. Type: Necklace Ladies&#8217; Necklace Gender: Lady Colour: Grey Material: Stainless steel Type of fastening: &hellip;<\/p>","protected":false},"featured_media":18699,"comment_status":"open","ping_status":"closed","template":"","meta":{"_monsterinsights_skip_tracking":false,"_monsterinsights_sitenote_active":false,"_monsterinsights_sitenote_note":"","_monsterinsights_sitenote_category":0},"product_cat":[122,115,173,74],"product_tag":[143,168],"class_list":{"0":"post-18700","1":"product","2":"type-product","3":"status-publish","4":"has-post-thumbnail","6":"product_cat-fashion-accessories","7":"product_cat-fashion-jewellery","8":"product_cat-necklaces","9":"product_cat-accessories","10":"product_tag-tag_575","11":"product_tag-tag_1261","12":"entry","14":"first","15":"instock","16":"taxable","17":"shipping-taxable","18":"purchasable","19":"product-type-simple"},"aioseo_notices":[],"jetpack_sharing_enabled":true,"_links":{"self":[{"href":"https:\/\/jewelara.itc-gmbh.shop\/fr\/wp-json\/wp\/v2\/product\/18700"}],"collection":[{"href":"https:\/\/jewelara.itc-gmbh.shop\/fr\/wp-json\/wp\/v2\/product"}],"about":[{"href":"https:\/\/jewelara.itc-gmbh.shop\/fr\/wp-json\/wp\/v2\/types\/product"}],"replies":[{"embeddable":true,"href":"https:\/\/jewelara.itc-gmbh.shop\/fr\/wp-json\/wp\/v2\/comments?post=18700"}],"version-history":[{"count":0,"href":"https:\/\/jewelara.itc-gmbh.shop\/fr\/wp-json\/wp\/v2\/product\/18700\/revisions"}],"wp:featuredmedia":[{"embeddable":true,"href":"https:\/\/jewelara.itc-gmbh.shop\/fr\/wp-json\/wp\/v2\/media\/18699"}],"wp:attachment":[{"href":"https:\/\/jewelara.itc-gmbh.shop\/fr\/wp-json\/wp\/v2\/media?parent=18700"}],"wp:term":[{"taxonomy":"product_cat","embeddable":true,"href":"https:\/\/jewelara.itc-gmbh.shop\/fr\/wp-json\/wp\/v2\/product_cat?post=18700"},{"taxonomy":"product_tag","embeddable":true,"href":"https:\/\/jewelara.itc-gmbh.shop\/fr\/wp-json\/wp\/v2\/product_tag?post=18700"}],"curies":[{"name":"wp","href":"https:\/\/api.w.org\/{rel}","templated":true}]}}