{"id":15135,"date":"2024-05-26T07:35:28","date_gmt":"2024-05-26T07:35:28","guid":{"rendered":"https:\/\/jewelry.itc-gmbh.shop\/product\/mens-necklace-qabala-qpg2126\/"},"modified":"2024-05-26T07:35:28","modified_gmt":"2024-05-26T07:35:28","slug":"mens-necklace-qabala-qpg2126","status":"publish","type":"product","link":"https:\/\/jewelara.itc-gmbh.shop\/fr\/product\/mens-necklace-qabala-qpg2126\/","title":{"rendered":"Men&#8217;s Necklace Qabala QPG2126"},"content":{"rendered":"<p>Nous vous pr\u00e9sentons <b>Men&#8217;s Necklace Qabala QPG2126<\/b> et une gamme compl\u00e8te de bagues, bracelets, boucles d'oreilles, colliers, etc. \u00e0 un prix avantageux. Pour en savoir plus sur nos pi\u00e8ces exclusives et \u00e9l\u00e9gantes de bijouterie et de joaillerie de costume pour tous les go\u00fbts et tous les styles.<\/p>\n<ul>\n<li>Gender:\n<ul>\n<li>Men<\/li>\n<li>Unisex<\/li>\n<\/ul>\n<\/li>\n<li>Type :\n<ul>\n<li>Men&#8217;s Necklace<\/li>\n<li>Pendant<\/li>\n<\/ul>\n<\/li>\n<li>Mat\u00e9riau : Sterling silver 925<\/li>\n<li>Comprend : Inclut l'\u00e9tui de la marque<\/li>\n<\/ul>","protected":false},"excerpt":{"rendered":"<p>We present you Men&#8217;s Necklace Qabala QPG2126 and a comprehensive range of rings, bracelets, earrings, necklaces, etc., at great price. Find out more about our exclusive and elegant pieces of jewellery and costume jewellery for all tastes and styles. Gender: Men Unisex Type: Men&#8217;s Necklace Pendant Material: Sterling silver 925 Includes: Includes the brand&#8217;s case<\/p>","protected":false},"featured_media":15134,"comment_status":"open","ping_status":"closed","template":"","meta":{"_monsterinsights_skip_tracking":false,"_monsterinsights_sitenote_active":false,"_monsterinsights_sitenote_note":"","_monsterinsights_sitenote_category":0},"product_cat":[122,115,173,74],"product_tag":[143,170,168],"class_list":{"0":"post-15135","1":"product","2":"type-product","3":"status-publish","4":"has-post-thumbnail","6":"product_cat-fashion-accessories","7":"product_cat-fashion-jewellery","8":"product_cat-necklaces","9":"product_cat-accessories","10":"product_tag-tag_575","11":"product_tag-tag_1273","12":"product_tag-tag_1261","13":"entry","15":"first","16":"instock","17":"taxable","18":"shipping-taxable","19":"purchasable","20":"product-type-simple"},"aioseo_notices":[],"jetpack_sharing_enabled":true,"_links":{"self":[{"href":"https:\/\/jewelara.itc-gmbh.shop\/fr\/wp-json\/wp\/v2\/product\/15135"}],"collection":[{"href":"https:\/\/jewelara.itc-gmbh.shop\/fr\/wp-json\/wp\/v2\/product"}],"about":[{"href":"https:\/\/jewelara.itc-gmbh.shop\/fr\/wp-json\/wp\/v2\/types\/product"}],"replies":[{"embeddable":true,"href":"https:\/\/jewelara.itc-gmbh.shop\/fr\/wp-json\/wp\/v2\/comments?post=15135"}],"version-history":[{"count":0,"href":"https:\/\/jewelara.itc-gmbh.shop\/fr\/wp-json\/wp\/v2\/product\/15135\/revisions"}],"wp:featuredmedia":[{"embeddable":true,"href":"https:\/\/jewelara.itc-gmbh.shop\/fr\/wp-json\/wp\/v2\/media\/15134"}],"wp:attachment":[{"href":"https:\/\/jewelara.itc-gmbh.shop\/fr\/wp-json\/wp\/v2\/media?parent=15135"}],"wp:term":[{"taxonomy":"product_cat","embeddable":true,"href":"https:\/\/jewelara.itc-gmbh.shop\/fr\/wp-json\/wp\/v2\/product_cat?post=15135"},{"taxonomy":"product_tag","embeddable":true,"href":"https:\/\/jewelara.itc-gmbh.shop\/fr\/wp-json\/wp\/v2\/product_tag?post=15135"}],"curies":[{"name":"wp","href":"https:\/\/api.w.org\/{rel}","templated":true}]}}