{"id":14876,"date":"2024-05-26T07:30:08","date_gmt":"2024-05-26T07:30:08","guid":{"rendered":"https:\/\/jewelry.itc-gmbh.shop\/product\/ladies-pendant-lancaster-jla-pen-frog-6-15-mm\/"},"modified":"2024-05-26T07:30:09","modified_gmt":"2024-05-26T07:30:09","slug":"ladies-pendant-lancaster-jla-pen-frog-6-15-mm","status":"publish","type":"product","link":"https:\/\/jewelara.itc-gmbh.shop\/fr\/product\/ladies-pendant-lancaster-jla-pen-frog-6-15-mm\/","title":{"rendered":"Ladies&#8217; Pendant Lancaster JLA-PEN-FROG-6 1,5 mm"},"content":{"rendered":"<p>Nous vous pr\u00e9sentons <b>Ladies&#8217; Pendant Lancaster JLA-PEN-FROG-6 1,5 mm<\/b> et une gamme compl\u00e8te de bagues, bracelets, boucles d'oreilles, colliers, etc. \u00e0 un prix avantageux. Pour en savoir plus sur nos pi\u00e8ces exclusives et \u00e9l\u00e9gantes de bijouterie et de joaillerie de costume pour tous les go\u00fbts et tous les styles.<\/p>\n<ul>\n<li>Genre : Lady<\/li>\n<li>Type :\n<ul>\n<li>Pendant<\/li>\n<li>Ladies&#8217; Pendant<\/li>\n<\/ul>\n<\/li>\n<li>Size: 1,5&#8221;<\/li>\n<li>Couleur : Golden<\/li>\n<li>Mat\u00e9riau : argent sterling<\/li>\n<li>Comprend : Inclut l'\u00e9tui de la marque<\/li>\n<li>Crystal : Zircons<\/li>\n<li>Approx. dimensions: 1,5 mm<\/li>\n<\/ul>","protected":false},"excerpt":{"rendered":"<p>We present you Ladies&#8217; Pendant Lancaster JLA-PEN-FROG-6 1,5 mm and a comprehensive range of rings, bracelets, earrings, necklaces, etc., at great price. Find out more about our exclusive and elegant pieces of jewellery and costume jewellery for all tastes and styles. Gender: Lady Type: Pendant Ladies&#8217; Pendant Size: 1,5&#8221; Colour: Golden Material: Sterling silver Includes: &hellip;<\/p>","protected":false},"featured_media":14875,"comment_status":"open","ping_status":"closed","template":"","meta":{"_monsterinsights_skip_tracking":false,"_monsterinsights_sitenote_active":false,"_monsterinsights_sitenote_note":"","_monsterinsights_sitenote_category":0},"product_cat":[122,115,173,74],"product_tag":[143,142,217,168],"class_list":{"0":"post-14876","1":"product","2":"type-product","3":"status-publish","4":"has-post-thumbnail","6":"product_cat-fashion-accessories","7":"product_cat-fashion-jewellery","8":"product_cat-necklaces","9":"product_cat-accessories","10":"product_tag-tag_575","11":"product_tag-tag_1274","12":"product_tag-tag_1280","13":"product_tag-tag_1261","14":"entry","16":"first","17":"instock","18":"taxable","19":"shipping-taxable","20":"purchasable","21":"product-type-simple"},"aioseo_notices":[],"jetpack_sharing_enabled":true,"_links":{"self":[{"href":"https:\/\/jewelara.itc-gmbh.shop\/fr\/wp-json\/wp\/v2\/product\/14876"}],"collection":[{"href":"https:\/\/jewelara.itc-gmbh.shop\/fr\/wp-json\/wp\/v2\/product"}],"about":[{"href":"https:\/\/jewelara.itc-gmbh.shop\/fr\/wp-json\/wp\/v2\/types\/product"}],"replies":[{"embeddable":true,"href":"https:\/\/jewelara.itc-gmbh.shop\/fr\/wp-json\/wp\/v2\/comments?post=14876"}],"version-history":[{"count":0,"href":"https:\/\/jewelara.itc-gmbh.shop\/fr\/wp-json\/wp\/v2\/product\/14876\/revisions"}],"wp:featuredmedia":[{"embeddable":true,"href":"https:\/\/jewelara.itc-gmbh.shop\/fr\/wp-json\/wp\/v2\/media\/14875"}],"wp:attachment":[{"href":"https:\/\/jewelara.itc-gmbh.shop\/fr\/wp-json\/wp\/v2\/media?parent=14876"}],"wp:term":[{"taxonomy":"product_cat","embeddable":true,"href":"https:\/\/jewelara.itc-gmbh.shop\/fr\/wp-json\/wp\/v2\/product_cat?post=14876"},{"taxonomy":"product_tag","embeddable":true,"href":"https:\/\/jewelara.itc-gmbh.shop\/fr\/wp-json\/wp\/v2\/product_tag?post=14876"}],"curies":[{"name":"wp","href":"https:\/\/api.w.org\/{rel}","templated":true}]}}