{"id":13622,"date":"2024-05-26T06:49:06","date_gmt":"2024-05-26T06:49:06","guid":{"rendered":"https:\/\/jewelry.itc-gmbh.shop\/product\/ladiesnecklace-misaki-qcrnterramulti\/"},"modified":"2024-05-26T06:49:09","modified_gmt":"2024-05-26T06:49:09","slug":"ladiesnecklace-misaki-qcrnterramulti","status":"publish","type":"product","link":"https:\/\/jewelara.itc-gmbh.shop\/fr\/product\/ladiesnecklace-misaki-qcrnterramulti\/","title":{"rendered":"Ladies&#8217;Necklace Misaki QCRNTERRAMULTI"},"content":{"rendered":"<ul>\n<li>Colour :\n<ul>\n<li>Beige<\/li>\n<li>Rose<\/li>\n<\/ul>\n<\/li>\n<li>Mat\u00e9riau : Argent<\/li>\n<li>Genre : Lady<\/li>\n<li>Approx. dimensions: 40 cm<\/li>\n<li>Comprend : Inclut l'\u00e9tui de la marque<\/li>\n<\/ul>\n<p>Nous vous pr\u00e9sentons <b>Ladies&#8217;Necklace Misaki QCRNTERRAMULTI<\/b> et une gamme compl\u00e8te de bagues, bracelets, boucles d'oreilles, colliers, etc. \u00e0 un prix avantageux. Pour en savoir plus sur nos pi\u00e8ces exclusives et \u00e9l\u00e9gantes de bijouterie et de joaillerie de costume pour tous les go\u00fbts et tous les styles.<\/p>","protected":false},"excerpt":{"rendered":"<p>Colour: Beige Pink Material: Silver Gender: Lady Approx. dimensions: 40 cm Includes: Includes the brand&#8217;s case We present you Ladies&#8217;Necklace Misaki QCRNTERRAMULTI and a comprehensive range of rings, bracelets, earrings, necklaces, etc., at great price. Find out more about our exclusive and elegant pieces of jewellery and costume jewellery for all tastes and styles.<\/p>","protected":false},"featured_media":13621,"comment_status":"open","ping_status":"closed","template":"","meta":{"_monsterinsights_skip_tracking":false,"_monsterinsights_sitenote_active":false,"_monsterinsights_sitenote_note":"","_monsterinsights_sitenote_category":0},"product_cat":[122,115,129,173,113,74],"product_tag":[143,142,168],"class_list":{"0":"post-13622","1":"product","2":"type-product","3":"status-publish","4":"has-post-thumbnail","6":"product_cat-fashion-accessories","7":"product_cat-fashion-jewellery","8":"product_cat-gifts-for-women","9":"product_cat-necklaces","10":"product_cat-original-gifts","11":"product_cat-accessories","12":"product_tag-tag_575","13":"product_tag-tag_1274","14":"product_tag-tag_1261","15":"entry","17":"first","18":"instock","19":"taxable","20":"shipping-taxable","21":"purchasable","22":"product-type-simple"},"aioseo_notices":[],"jetpack_sharing_enabled":true,"_links":{"self":[{"href":"https:\/\/jewelara.itc-gmbh.shop\/fr\/wp-json\/wp\/v2\/product\/13622"}],"collection":[{"href":"https:\/\/jewelara.itc-gmbh.shop\/fr\/wp-json\/wp\/v2\/product"}],"about":[{"href":"https:\/\/jewelara.itc-gmbh.shop\/fr\/wp-json\/wp\/v2\/types\/product"}],"replies":[{"embeddable":true,"href":"https:\/\/jewelara.itc-gmbh.shop\/fr\/wp-json\/wp\/v2\/comments?post=13622"}],"version-history":[{"count":0,"href":"https:\/\/jewelara.itc-gmbh.shop\/fr\/wp-json\/wp\/v2\/product\/13622\/revisions"}],"wp:featuredmedia":[{"embeddable":true,"href":"https:\/\/jewelara.itc-gmbh.shop\/fr\/wp-json\/wp\/v2\/media\/13621"}],"wp:attachment":[{"href":"https:\/\/jewelara.itc-gmbh.shop\/fr\/wp-json\/wp\/v2\/media?parent=13622"}],"wp:term":[{"taxonomy":"product_cat","embeddable":true,"href":"https:\/\/jewelara.itc-gmbh.shop\/fr\/wp-json\/wp\/v2\/product_cat?post=13622"},{"taxonomy":"product_tag","embeddable":true,"href":"https:\/\/jewelara.itc-gmbh.shop\/fr\/wp-json\/wp\/v2\/product_tag?post=13622"}],"curies":[{"name":"wp","href":"https:\/\/api.w.org\/{rel}","templated":true}]}}