{"id":13501,"date":"2024-05-26T06:45:48","date_gmt":"2024-05-26T06:45:48","guid":{"rendered":"https:\/\/jewelry.itc-gmbh.shop\/product\/chain-xenox-x1421-lady-x1421-45-cm\/"},"modified":"2024-05-26T06:45:50","modified_gmt":"2024-05-26T06:45:50","slug":"chain-xenox-x1421-lady-x1421-45-cm","status":"publish","type":"product","link":"https:\/\/jewelara.itc-gmbh.shop\/fr\/product\/chain-xenox-x1421-lady-x1421-45-cm\/","title":{"rendered":"Chain Xenox X1421 Lady X1421 (45 cm)"},"content":{"rendered":"<p>Nous vous pr\u00e9sentons <b>Chain Xenox Lady X1421 (45 Cm)<\/b> et une gamme compl\u00e8te de bagues, bracelets, boucles d'oreilles, colliers, etc. \u00e0 un prix avantageux. Pour en savoir plus sur nos pi\u00e8ces exclusives et \u00e9l\u00e9gantes de bijouterie et de joaillerie de costume pour tous les go\u00fbts et tous les styles.<\/p>\n<ul>\n<li>Genre : Lady<\/li>\n<li>Mat\u00e9riau : Acier<\/li>\n<li>Couleur : Silver<\/li>\n<li>Approx. dimensions: 45 cm<\/li>\n<\/ul>","protected":false},"excerpt":{"rendered":"<p>We present you Chain Xenox Lady X1421 (45 Cm) and a comprehensive range of rings, bracelets, earrings, necklaces, etc., at great price. Find out more about our exclusive and elegant pieces of jewellery and costume jewellery for all tastes and styles. Gender: Lady Material: Steel Colour: Silver Approx. dimensions: 45 cm<\/p>","protected":false},"featured_media":13500,"comment_status":"open","ping_status":"closed","template":"","meta":{"_monsterinsights_skip_tracking":false,"_monsterinsights_sitenote_active":false,"_monsterinsights_sitenote_note":"","_monsterinsights_sitenote_category":0},"product_cat":[122,115,129,173,113,74],"product_tag":[143,168],"class_list":{"0":"post-13501","1":"product","2":"type-product","3":"status-publish","4":"has-post-thumbnail","6":"product_cat-fashion-accessories","7":"product_cat-fashion-jewellery","8":"product_cat-gifts-for-women","9":"product_cat-necklaces","10":"product_cat-original-gifts","11":"product_cat-accessories","12":"product_tag-tag_575","13":"product_tag-tag_1261","14":"entry","16":"first","17":"instock","18":"taxable","19":"shipping-taxable","20":"purchasable","21":"product-type-simple"},"aioseo_notices":[],"jetpack_sharing_enabled":true,"_links":{"self":[{"href":"https:\/\/jewelara.itc-gmbh.shop\/fr\/wp-json\/wp\/v2\/product\/13501"}],"collection":[{"href":"https:\/\/jewelara.itc-gmbh.shop\/fr\/wp-json\/wp\/v2\/product"}],"about":[{"href":"https:\/\/jewelara.itc-gmbh.shop\/fr\/wp-json\/wp\/v2\/types\/product"}],"replies":[{"embeddable":true,"href":"https:\/\/jewelara.itc-gmbh.shop\/fr\/wp-json\/wp\/v2\/comments?post=13501"}],"version-history":[{"count":0,"href":"https:\/\/jewelara.itc-gmbh.shop\/fr\/wp-json\/wp\/v2\/product\/13501\/revisions"}],"wp:featuredmedia":[{"embeddable":true,"href":"https:\/\/jewelara.itc-gmbh.shop\/fr\/wp-json\/wp\/v2\/media\/13500"}],"wp:attachment":[{"href":"https:\/\/jewelara.itc-gmbh.shop\/fr\/wp-json\/wp\/v2\/media?parent=13501"}],"wp:term":[{"taxonomy":"product_cat","embeddable":true,"href":"https:\/\/jewelara.itc-gmbh.shop\/fr\/wp-json\/wp\/v2\/product_cat?post=13501"},{"taxonomy":"product_tag","embeddable":true,"href":"https:\/\/jewelara.itc-gmbh.shop\/fr\/wp-json\/wp\/v2\/product_tag?post=13501"}],"curies":[{"name":"wp","href":"https:\/\/api.w.org\/{rel}","templated":true}]}}