{"id":13324,"date":"2024-05-26T06:39:47","date_gmt":"2024-05-26T06:39:47","guid":{"rendered":"https:\/\/jewelry.itc-gmbh.shop\/product\/ladiesnecklace-time-force-ts5137cs-38-cm\/"},"modified":"2024-05-26T06:39:49","modified_gmt":"2024-05-26T06:39:49","slug":"ladiesnecklace-time-force-ts5137cs-38-cm","status":"publish","type":"product","link":"https:\/\/jewelara.itc-gmbh.shop\/fr\/product\/ladiesnecklace-time-force-ts5137cs-38-cm\/","title":{"rendered":"Ladies&#8217;Necklace Time Force TS5137CS (38 cm)"},"content":{"rendered":"<p>Nous vous pr\u00e9sentons <b>Ladies&#8217;\u00a0Necklace Time Force TS5137CS (38 cm)<\/b> et une gamme compl\u00e8te de bagues, bracelets, boucles d'oreilles, colliers, etc. \u00e0 un prix avantageux. Pour en savoir plus sur nos pi\u00e8ces exclusives et \u00e9l\u00e9gantes de bijouterie et de joaillerie de costume pour tous les go\u00fbts et tous les styles.<\/p>\n<ul>\n<li>Genre : Lady<\/li>\n<li>Mat\u00e9riau : Acier<\/li>\n<li>Colour: Black<\/li>\n<li>Approx. dimensions: 38 cm<\/li>\n<\/ul>","protected":false},"excerpt":{"rendered":"<p>We present you Ladies&#8217;\u00a0Necklace Time Force TS5137CS (38 cm) and a comprehensive range of rings, bracelets, earrings, necklaces, etc., at great price. Find out more about our exclusive and elegant pieces of jewellery and costume jewellery for all tastes and styles. Gender: Lady Material: Steel Colour: Black Approx. dimensions: 38 cm<\/p>","protected":false},"featured_media":13323,"comment_status":"open","ping_status":"closed","template":"","meta":{"_monsterinsights_skip_tracking":false,"_monsterinsights_sitenote_active":false,"_monsterinsights_sitenote_note":"","_monsterinsights_sitenote_category":0},"product_cat":[122,115,175,129,173,113,74],"product_tag":[143,142,168],"class_list":{"0":"post-13324","1":"product","2":"type-product","3":"status-publish","4":"has-post-thumbnail","6":"product_cat-fashion-accessories","7":"product_cat-fashion-jewellery","8":"product_cat-gifts-for-birthdays-and-celebrations","9":"product_cat-gifts-for-women","10":"product_cat-necklaces","11":"product_cat-original-gifts","12":"product_cat-accessories","13":"product_tag-tag_575","14":"product_tag-tag_1274","15":"product_tag-tag_1261","16":"entry","18":"first","19":"outofstock","20":"taxable","21":"shipping-taxable","22":"purchasable","23":"product-type-simple"},"aioseo_notices":[],"jetpack_sharing_enabled":true,"_links":{"self":[{"href":"https:\/\/jewelara.itc-gmbh.shop\/fr\/wp-json\/wp\/v2\/product\/13324"}],"collection":[{"href":"https:\/\/jewelara.itc-gmbh.shop\/fr\/wp-json\/wp\/v2\/product"}],"about":[{"href":"https:\/\/jewelara.itc-gmbh.shop\/fr\/wp-json\/wp\/v2\/types\/product"}],"replies":[{"embeddable":true,"href":"https:\/\/jewelara.itc-gmbh.shop\/fr\/wp-json\/wp\/v2\/comments?post=13324"}],"version-history":[{"count":0,"href":"https:\/\/jewelara.itc-gmbh.shop\/fr\/wp-json\/wp\/v2\/product\/13324\/revisions"}],"wp:featuredmedia":[{"embeddable":true,"href":"https:\/\/jewelara.itc-gmbh.shop\/fr\/wp-json\/wp\/v2\/media\/13323"}],"wp:attachment":[{"href":"https:\/\/jewelara.itc-gmbh.shop\/fr\/wp-json\/wp\/v2\/media?parent=13324"}],"wp:term":[{"taxonomy":"product_cat","embeddable":true,"href":"https:\/\/jewelara.itc-gmbh.shop\/fr\/wp-json\/wp\/v2\/product_cat?post=13324"},{"taxonomy":"product_tag","embeddable":true,"href":"https:\/\/jewelara.itc-gmbh.shop\/fr\/wp-json\/wp\/v2\/product_tag?post=13324"}],"curies":[{"name":"wp","href":"https:\/\/api.w.org\/{rel}","templated":true}]}}