{"id":12673,"date":"2024-05-26T06:19:25","date_gmt":"2024-05-26T06:19:25","guid":{"rendered":"https:\/\/jewelry.itc-gmbh.shop\/product\/womans-charm-link-pandora-spiritual-dreamcatcher-2\/"},"modified":"2024-05-26T06:19:27","modified_gmt":"2024-05-26T06:19:27","slug":"womans-charm-link-pandora-spiritual-dreamcatcher-2","status":"publish","type":"product","link":"https:\/\/jewelara.itc-gmbh.shop\/fr\/product\/womans-charm-link-pandora-spiritual-dreamcatcher-2\/","title":{"rendered":"Woman&#8217;s charm link Pandora SPIRITUAL DREAMCATCHER"},"content":{"rendered":"<p>Nous vous pr\u00e9sentons <b>Woman&#8217;s charm link Pandora SPIRITUAL DREAMCATCHER<\/b> et une gamme compl\u00e8te de bagues, bracelets, boucles d'oreilles, colliers, etc. \u00e0 un prix avantageux. Pour en savoir plus sur nos pi\u00e8ces exclusives et \u00e9l\u00e9gantes de bijouterie et de joaillerie de costume pour tous les go\u00fbts et tous les styles.<\/p>\n<ul>\n<li>Genre : Lady<\/li>\n<li>Type :\n<ul>\n<li>Perles pour femmes<\/li>\n<li>Beads<\/li>\n<\/ul>\n<\/li>\n<li>Comprend : Inclut l'\u00e9tui de la marque<\/li>\n<li>Mat\u00e9riau : Acier inoxydable<\/li>\n<\/ul>","protected":false},"excerpt":{"rendered":"<p>We present you Woman&#8217;s charm link Pandora SPIRITUAL DREAMCATCHER and a comprehensive range of rings, bracelets, earrings, necklaces, etc., at great price. Find out more about our exclusive and elegant pieces of jewellery and costume jewellery for all tastes and styles. Gender: Lady Type: Ladies&#8217; Beads Beads Includes: Includes the brand&#8217;s case Material: Stainless steel<\/p>","protected":false},"featured_media":12672,"comment_status":"open","ping_status":"closed","template":"","meta":{"_monsterinsights_skip_tracking":false,"_monsterinsights_sitenote_active":false,"_monsterinsights_sitenote_note":"","_monsterinsights_sitenote_category":0},"product_cat":[102,122,115,74],"product_tag":[143],"class_list":{"0":"post-12673","1":"product","2":"type-product","3":"status-publish","4":"has-post-thumbnail","6":"product_cat-beads","7":"product_cat-fashion-accessories","8":"product_cat-fashion-jewellery","9":"product_cat-accessories","10":"product_tag-tag_575","11":"entry","13":"first","14":"outofstock","15":"taxable","16":"shipping-taxable","17":"purchasable","18":"product-type-simple"},"aioseo_notices":[],"jetpack_sharing_enabled":true,"_links":{"self":[{"href":"https:\/\/jewelara.itc-gmbh.shop\/fr\/wp-json\/wp\/v2\/product\/12673"}],"collection":[{"href":"https:\/\/jewelara.itc-gmbh.shop\/fr\/wp-json\/wp\/v2\/product"}],"about":[{"href":"https:\/\/jewelara.itc-gmbh.shop\/fr\/wp-json\/wp\/v2\/types\/product"}],"replies":[{"embeddable":true,"href":"https:\/\/jewelara.itc-gmbh.shop\/fr\/wp-json\/wp\/v2\/comments?post=12673"}],"version-history":[{"count":0,"href":"https:\/\/jewelara.itc-gmbh.shop\/fr\/wp-json\/wp\/v2\/product\/12673\/revisions"}],"wp:featuredmedia":[{"embeddable":true,"href":"https:\/\/jewelara.itc-gmbh.shop\/fr\/wp-json\/wp\/v2\/media\/12672"}],"wp:attachment":[{"href":"https:\/\/jewelara.itc-gmbh.shop\/fr\/wp-json\/wp\/v2\/media?parent=12673"}],"wp:term":[{"taxonomy":"product_cat","embeddable":true,"href":"https:\/\/jewelara.itc-gmbh.shop\/fr\/wp-json\/wp\/v2\/product_cat?post=12673"},{"taxonomy":"product_tag","embeddable":true,"href":"https:\/\/jewelara.itc-gmbh.shop\/fr\/wp-json\/wp\/v2\/product_tag?post=12673"}],"curies":[{"name":"wp","href":"https:\/\/api.w.org\/{rel}","templated":true}]}}