{"id":10741,"date":"2024-05-26T05:20:26","date_gmt":"2024-05-26T05:20:26","guid":{"rendered":"https:\/\/jewelry.itc-gmbh.shop\/product\/ladies-beads-time-force-hm006c-silver-19-cm\/"},"modified":"2024-05-26T05:20:27","modified_gmt":"2024-05-26T05:20:27","slug":"ladies-beads-time-force-hm006c-silver-19-cm","status":"publish","type":"product","link":"https:\/\/jewelara.itc-gmbh.shop\/fr\/product\/ladies-beads-time-force-hm006c-silver-19-cm\/","title":{"rendered":"Ladies&#8217; Beads Time Force HM006C Silver 1,9 cm"},"content":{"rendered":"<p>Nous vous pr\u00e9sentons <b>Ladies&#8217; Beads Time Force HM006C Silver 1,9 cm<\/b> et une gamme compl\u00e8te de bagues, bracelets, boucles d'oreilles, colliers, etc. \u00e0 un prix avantageux. Pour en savoir plus sur nos pi\u00e8ces exclusives et \u00e9l\u00e9gantes de bijouterie et de joaillerie de costume pour tous les go\u00fbts et tous les styles.<\/p>\n<ul>\n<li>Type : Perles pour femmes<\/li>\n<li>Couleur : Silver<\/li>\n<li>Mat\u00e9riau : Acier<\/li>\n<li>Type of fastening: Snap hook<\/li>\n<li>Comprend : Inclut l'\u00e9tui de la marque<\/li>\n<li>Approx. dimensions: 1,9 cm<\/li>\n<\/ul>","protected":false},"excerpt":{"rendered":"<p>We present you Ladies&#8217; Beads Time Force HM006C Silver 1,9 cm and a comprehensive range of rings, bracelets, earrings, necklaces, etc., at great price. Find out more about our exclusive and elegant pieces of jewellery and costume jewellery for all tastes and styles. Type: Ladies&#8217; Beads Colour: Silver Material: Steel Type of fastening: Snap hook &hellip;<\/p>","protected":false},"featured_media":10740,"comment_status":"open","ping_status":"closed","template":"","meta":{"_monsterinsights_skip_tracking":false,"_monsterinsights_sitenote_active":false,"_monsterinsights_sitenote_note":"","_monsterinsights_sitenote_category":0},"product_cat":[102,122,115,74],"product_tag":[143,142],"class_list":{"0":"post-10741","1":"product","2":"type-product","3":"status-publish","4":"has-post-thumbnail","6":"product_cat-beads","7":"product_cat-fashion-accessories","8":"product_cat-fashion-jewellery","9":"product_cat-accessories","10":"product_tag-tag_575","11":"product_tag-tag_1274","12":"entry","14":"first","15":"outofstock","16":"taxable","17":"shipping-taxable","18":"purchasable","19":"product-type-simple"},"aioseo_notices":[],"jetpack_sharing_enabled":true,"_links":{"self":[{"href":"https:\/\/jewelara.itc-gmbh.shop\/fr\/wp-json\/wp\/v2\/product\/10741"}],"collection":[{"href":"https:\/\/jewelara.itc-gmbh.shop\/fr\/wp-json\/wp\/v2\/product"}],"about":[{"href":"https:\/\/jewelara.itc-gmbh.shop\/fr\/wp-json\/wp\/v2\/types\/product"}],"replies":[{"embeddable":true,"href":"https:\/\/jewelara.itc-gmbh.shop\/fr\/wp-json\/wp\/v2\/comments?post=10741"}],"version-history":[{"count":0,"href":"https:\/\/jewelara.itc-gmbh.shop\/fr\/wp-json\/wp\/v2\/product\/10741\/revisions"}],"wp:featuredmedia":[{"embeddable":true,"href":"https:\/\/jewelara.itc-gmbh.shop\/fr\/wp-json\/wp\/v2\/media\/10740"}],"wp:attachment":[{"href":"https:\/\/jewelara.itc-gmbh.shop\/fr\/wp-json\/wp\/v2\/media?parent=10741"}],"wp:term":[{"taxonomy":"product_cat","embeddable":true,"href":"https:\/\/jewelara.itc-gmbh.shop\/fr\/wp-json\/wp\/v2\/product_cat?post=10741"},{"taxonomy":"product_tag","embeddable":true,"href":"https:\/\/jewelara.itc-gmbh.shop\/fr\/wp-json\/wp\/v2\/product_tag?post=10741"}],"curies":[{"name":"wp","href":"https:\/\/api.w.org\/{rel}","templated":true}]}}