{"id":10447,"date":"2024-05-26T05:12:50","date_gmt":"2024-05-26T05:12:50","guid":{"rendered":"https:\/\/jewelry.itc-gmbh.shop\/product\/ladies-beads-viceroy-vmg0004-00-silver-1-cm\/"},"modified":"2024-05-26T05:12:54","modified_gmt":"2024-05-26T05:12:54","slug":"ladies-beads-viceroy-vmg0004-00-silver-1-cm","status":"publish","type":"product","link":"https:\/\/jewelara.itc-gmbh.shop\/fr\/product\/ladies-beads-viceroy-vmg0004-00-silver-1-cm\/","title":{"rendered":"Ladies&#8217; Beads Viceroy VMG0004-00 Silver 1 cm"},"content":{"rendered":"<p>Nous vous pr\u00e9sentons <b>Ladies&#8217; Beads Viceroy VMG0004-00 Silver 1 cm<\/b> et une gamme compl\u00e8te de bagues, bracelets, boucles d'oreilles, colliers, etc. \u00e0 un prix avantageux. Pour en savoir plus sur nos pi\u00e8ces exclusives et \u00e9l\u00e9gantes de bijouterie et de joaillerie de costume pour tous les go\u00fbts et tous les styles.<\/p>\n<ul>\n<li>Genre : Lady<\/li>\n<li>mat\u00e9riel :\n<ul>\n<li>Argent<\/li>\n<li>argent sterling<\/li>\n<\/ul>\n<\/li>\n<li>Dimensions approximatives : 1 cm<\/li>\n<li>Couleur : Silver<\/li>\n<li>Type : Perles pour femmes<\/li>\n<\/ul>","protected":false},"excerpt":{"rendered":"<p>We present you Ladies&#8217; Beads Viceroy VMG0004-00 Silver 1 cm and a comprehensive range of rings, bracelets, earrings, necklaces, etc., at great price. Find out more about our exclusive and elegant pieces of jewellery and costume jewellery for all tastes and styles. Gender: Lady Material: Silver Sterling silver Approx. dimensions: 1 cm Colour: Silver Type: &hellip;<\/p>","protected":false},"featured_media":10446,"comment_status":"open","ping_status":"closed","template":"","meta":{"_monsterinsights_skip_tracking":false,"_monsterinsights_sitenote_active":false,"_monsterinsights_sitenote_note":"","_monsterinsights_sitenote_category":0},"product_cat":[102,122,115,129,113,74],"product_tag":[143,142],"class_list":{"0":"post-10447","1":"product","2":"type-product","3":"status-publish","4":"has-post-thumbnail","6":"product_cat-beads","7":"product_cat-fashion-accessories","8":"product_cat-fashion-jewellery","9":"product_cat-gifts-for-women","10":"product_cat-original-gifts","11":"product_cat-accessories","12":"product_tag-tag_575","13":"product_tag-tag_1274","14":"entry","16":"first","17":"instock","18":"taxable","19":"shipping-taxable","20":"purchasable","21":"product-type-simple"},"aioseo_notices":[],"jetpack_sharing_enabled":true,"_links":{"self":[{"href":"https:\/\/jewelara.itc-gmbh.shop\/fr\/wp-json\/wp\/v2\/product\/10447"}],"collection":[{"href":"https:\/\/jewelara.itc-gmbh.shop\/fr\/wp-json\/wp\/v2\/product"}],"about":[{"href":"https:\/\/jewelara.itc-gmbh.shop\/fr\/wp-json\/wp\/v2\/types\/product"}],"replies":[{"embeddable":true,"href":"https:\/\/jewelara.itc-gmbh.shop\/fr\/wp-json\/wp\/v2\/comments?post=10447"}],"version-history":[{"count":0,"href":"https:\/\/jewelara.itc-gmbh.shop\/fr\/wp-json\/wp\/v2\/product\/10447\/revisions"}],"wp:featuredmedia":[{"embeddable":true,"href":"https:\/\/jewelara.itc-gmbh.shop\/fr\/wp-json\/wp\/v2\/media\/10446"}],"wp:attachment":[{"href":"https:\/\/jewelara.itc-gmbh.shop\/fr\/wp-json\/wp\/v2\/media?parent=10447"}],"wp:term":[{"taxonomy":"product_cat","embeddable":true,"href":"https:\/\/jewelara.itc-gmbh.shop\/fr\/wp-json\/wp\/v2\/product_cat?post=10447"},{"taxonomy":"product_tag","embeddable":true,"href":"https:\/\/jewelara.itc-gmbh.shop\/fr\/wp-json\/wp\/v2\/product_tag?post=10447"}],"curies":[{"name":"wp","href":"https:\/\/api.w.org\/{rel}","templated":true}]}}