{"id":10392,"date":"2024-05-26T05:11:07","date_gmt":"2024-05-26T05:11:07","guid":{"rendered":"https:\/\/jewelry.itc-gmbh.shop\/product\/beads-viceroy-vmm0070-20-white-1-cm\/"},"modified":"2024-05-26T05:11:13","modified_gmt":"2024-05-26T05:11:13","slug":"beads-viceroy-vmm0070-20-white-1-cm","status":"publish","type":"product","link":"https:\/\/jewelara.itc-gmbh.shop\/fr\/product\/beads-viceroy-vmm0070-20-white-1-cm\/","title":{"rendered":"Beads Viceroy VMM0070-20 White 1 cm"},"content":{"rendered":"<p>Nous vous pr\u00e9sentons <b>Beads Viceroy VMM0070-20 White 1 cm<\/b> et une gamme compl\u00e8te de bagues, bracelets, boucles d'oreilles, colliers, etc. \u00e0 un prix avantageux. Pour en savoir plus sur nos pi\u00e8ces exclusives et \u00e9l\u00e9gantes de bijouterie et de joaillerie de costume pour tous les go\u00fbts et tous les styles.<\/p>\n<ul>\n<li>Genre : Lady<\/li>\n<li>mat\u00e9riel :\n<ul>\n<li>Argent<\/li>\n<li>argent sterling<\/li>\n<\/ul>\n<\/li>\n<li>Dimensions approximatives : 1 cm<\/li>\n<li>Recommended use: Unisex adult<\/li>\n<li>Colour :\n<ul>\n<li>Black<\/li>\n<li>Blanc<\/li>\n<\/ul>\n<\/li>\n<li>Type : Perles<\/li>\n<\/ul>","protected":false},"excerpt":{"rendered":"<p>We present you Beads Viceroy VMM0070-20 White 1 cm and a comprehensive range of rings, bracelets, earrings, necklaces, etc., at great price. Find out more about our exclusive and elegant pieces of jewellery and costume jewellery for all tastes and styles. Gender: Lady Material: Silver Sterling silver Approx. dimensions: 1 cm Recommended use: Unisex adult &hellip;<\/p>","protected":false},"featured_media":10391,"comment_status":"open","ping_status":"closed","template":"","meta":{"_monsterinsights_skip_tracking":false,"_monsterinsights_sitenote_active":false,"_monsterinsights_sitenote_note":"","_monsterinsights_sitenote_category":0},"product_cat":[102,122,115,129,113,74],"product_tag":[143,142],"class_list":{"0":"post-10392","1":"product","2":"type-product","3":"status-publish","4":"has-post-thumbnail","6":"product_cat-beads","7":"product_cat-fashion-accessories","8":"product_cat-fashion-jewellery","9":"product_cat-gifts-for-women","10":"product_cat-original-gifts","11":"product_cat-accessories","12":"product_tag-tag_575","13":"product_tag-tag_1274","14":"entry","16":"first","17":"instock","18":"taxable","19":"shipping-taxable","20":"purchasable","21":"product-type-simple"},"aioseo_notices":[],"jetpack_sharing_enabled":true,"_links":{"self":[{"href":"https:\/\/jewelara.itc-gmbh.shop\/fr\/wp-json\/wp\/v2\/product\/10392"}],"collection":[{"href":"https:\/\/jewelara.itc-gmbh.shop\/fr\/wp-json\/wp\/v2\/product"}],"about":[{"href":"https:\/\/jewelara.itc-gmbh.shop\/fr\/wp-json\/wp\/v2\/types\/product"}],"replies":[{"embeddable":true,"href":"https:\/\/jewelara.itc-gmbh.shop\/fr\/wp-json\/wp\/v2\/comments?post=10392"}],"version-history":[{"count":0,"href":"https:\/\/jewelara.itc-gmbh.shop\/fr\/wp-json\/wp\/v2\/product\/10392\/revisions"}],"wp:featuredmedia":[{"embeddable":true,"href":"https:\/\/jewelara.itc-gmbh.shop\/fr\/wp-json\/wp\/v2\/media\/10391"}],"wp:attachment":[{"href":"https:\/\/jewelara.itc-gmbh.shop\/fr\/wp-json\/wp\/v2\/media?parent=10392"}],"wp:term":[{"taxonomy":"product_cat","embeddable":true,"href":"https:\/\/jewelara.itc-gmbh.shop\/fr\/wp-json\/wp\/v2\/product_cat?post=10392"},{"taxonomy":"product_tag","embeddable":true,"href":"https:\/\/jewelara.itc-gmbh.shop\/fr\/wp-json\/wp\/v2\/product_tag?post=10392"}],"curies":[{"name":"wp","href":"https:\/\/api.w.org\/{rel}","templated":true}]}}